{"id":11,"date":"2019-02-08T13:08:47","date_gmt":"2019-02-08T11:08:47","guid":{"rendered":"https:\/\/oivalla.savonia.fi\/savovakuutus\/?page_id=11"},"modified":"2019-11-05T14:42:01","modified_gmt":"2019-11-05T12:42:01","slug":"tuotteet","status":"publish","type":"page","link":"https:\/\/oivalla.savonia.fi\/savovakuutus\/tuotteet\/","title":{"rendered":"Tuotteet"},"content":{"rendered":"<h3>Omaisuuden vakuutus<\/h3>\n<table class=\"perusteksti2\" border=\"1\">\n<tbody>\n<tr>\n<td><\/td>\n<td>M\u00e4\u00e4r\u00e4<\/td>\n<td>Hinta<\/td>\n<\/tr>\n<tr>\n<td>Rakennukset<\/td>\n<td>500000 \u20ac<\/td>\n<td>600 \u20ac<\/td>\n<\/tr>\n<tr>\n<td>Koneet ja laitteet<\/td>\n<td>150000 \u20ac<\/td>\n<td>300 \u20ac<\/td>\n<\/tr>\n<tr>\n<td>Vaihto-omaisuus<\/td>\n<td>50000 \u20ac<\/td>\n<td>150 \u20ac<\/td>\n<\/tr>\n<\/tbody>\n<\/table>\n<h3>Keskeytysvakuutus<\/h3>\n<table class=\"perusteksti2\" border=\"1\">\n<tbody>\n<tr>\n<td><\/td>\n<td>M\u00e4\u00e4r\u00e4<\/td>\n<td>Hinta<\/td>\n<td>Omavastuu<\/td>\n<\/tr>\n<tr>\n<td>Konekeskeytys<\/td>\n<td>400000 \u20ac<\/td>\n<td>500 \u20ac<\/td>\n<td><\/td>\n<\/tr>\n<tr>\n<td>Epidemiakeskeytys<\/td>\n<td>400000 \u20ac<\/td>\n<td>100 \u20ac<\/td>\n<td>500 \u20ac<\/td>\n<\/tr>\n<tr>\n<td>Henkil\u00f6keskeytys<\/td>\n<td>20000 \u20ac<\/td>\n<td>50 \u20ac<\/td>\n<td>\u00a07 vrk<\/td>\n<\/tr>\n<\/tbody>\n<\/table>\n<h3>Vastuuvakuutus<\/h3>\n<table class=\"perusteksti2\" border=\"1\">\n<tbody>\n<tr>\n<td><\/td>\n<td>\n<h3>M\u00e4\u00e4r\u00e4<\/h3>\n<\/td>\n<td>\n<h3>Hinta<\/h3>\n<\/td>\n<\/tr>\n<tr>\n<td>Toiminnan vastuu<\/td>\n<td>500000 \u20ac<\/td>\n<td>400 \u20ac<\/td>\n<\/tr>\n<tr>\n<td>Tuotevastuu<\/td>\n<td>500000 \u20ac<\/td>\n<td>500\u20ac<\/td>\n<\/tr>\n<tr>\n<td>Oikeusturva<\/td>\n<td>30000 \u20ac<\/td>\n<td>450 \u20ac<\/td>\n<\/tr>\n<\/tbody>\n<\/table>\n<h3>Ajoneuvovakuutukset<\/h3>\n<table border=\"1\">\n<tbody>\n<tr>\n<td><\/td>\n<td class=\"center\">\n<h3>Liikennevakuutus<\/h3>\n<\/td>\n<td class=\"style2\">Kasko<\/td>\n<\/tr>\n<tr>\n<td class=\"perusteksti2\">Pakettiauto<\/td>\n<td class=\"perusteksti2\">230 \u20ac<\/td>\n<td class=\"perusteksti2\">300 \u20ac<br \/>\n(T\u00e4yskasko, omavastuu 300 \u20ac)<\/td>\n<\/tr>\n<tr>\n<td class=\"perusteksti2\">Jakelukuorma-auto<\/td>\n<td class=\"perusteksti2\">600 \u20ac<\/td>\n<td class=\"perusteksti2\">500 \u20ac<br \/>\n(T\u00e4yskasko, omavastuu 500 \u20ac)<\/td>\n<\/tr>\n<\/tbody>\n<\/table>\n<h3>Lakis\u00e4\u00e4teiset vakuutukset<\/h3>\n<table border=\"1\">\n<tbody>\n<tr>\n<td><\/td>\n<td class=\"perusteksti3\">\n<h3 class=\"perusteksti3\">Hinta<\/h3>\n<\/td>\n<\/tr>\n<tr>\n<td class=\"perusteksti2\">Yritt\u00e4j\u00e4n el\u00e4kevakuutus YEL<\/td>\n<td class=\"perusteksti2\">200 \u20ac tuhatta ty\u00f6tulom\u00e4\u00e4rityseuroa kohti\/kk<br \/>\n160 \u20ac\/kk alkavaa tuhatta ty\u00f6tulom\u00e4\u00e4rityseuroa kohti nelj\u00e4n(4) ensimm\u00e4isen vuoden ajan, mik\u00e4li kyseess\u00e4 on uusi alle 43 v. yritt\u00e4j\u00e4<\/td>\n<\/tr>\n<tr>\n<td class=\"perusteksti2\">Ty\u00f6nantajan TyEL-vakuutus ty\u00f6ntekij\u00e4lle<\/td>\n<td class=\"perusteksti2\">200 \u20ac tuhatta palkkaeuroa kohti\/kk<\/td>\n<\/tr>\n<tr>\n<td class=\"perusteksti2\">Tapaturmavakuutus<\/td>\n<td class=\"perusteksti2\">20 \u20ac\/yrityksess\u00e4 ty\u00f6skentelev\u00e4 henkil\u00f6\/kk<\/td>\n<\/tr>\n<tr>\n<td class=\"perusteksti2\">Ty\u00f6tt\u00f6myysvakuutus<\/td>\n<td class=\"perusteksti2\">15 \u20ac tuhatta palkkaeuroa kohti\/kk<\/td>\n<\/tr>\n<tr>\n<td class=\"perusteksti2\">Ty\u00f6ntekij\u00f6iden ryhm\u00e4henkivakuutus<\/td>\n<td class=\"perusteksti2\">5 \u20ac tuhatta palkkaeuroa kohti\/kk<\/td>\n<\/tr>\n<\/tbody>\n<\/table>\n","protected":false},"excerpt":{"rendered":"<p>Omaisuuden vakuutus M\u00e4\u00e4r\u00e4 Hinta Rakennukset 500000 \u20ac 600 \u20ac Koneet ja laitteet 150000 \u20ac 300 \u20ac Vaihto-omaisuus 50000 \u20ac 150 \u20ac Keskeytysvakuutus M\u00e4\u00e4r\u00e4 Hinta Omavastuu Konekeskeytys 400000 \u20ac 500 \u20ac Epidemiakeskeytys 400000 \u20ac 100 \u20ac 500 \u20ac Henkil\u00f6keskeytys 20000 \u20ac 50 \u20ac \u00a07 vrk Vastuuvakuutus M\u00e4\u00e4r\u00e4 Hinta Toiminnan vastuu 500000 \u20ac 400 \u20ac Tuotevastuu 500000 &hellip; <\/p>\n<p class=\"link-more\"><a href=\"https:\/\/oivalla.savonia.fi\/savovakuutus\/tuotteet\/\" class=\"more-link\">Jatka lukemista<span class=\"screen-reader-text\"> &#8221;Tuotteet&#8221;<\/span><\/a><\/p>\n","protected":false},"author":3,"featured_media":5,"parent":0,"menu_order":0,"comment_status":"closed","ping_status":"closed","template":"","meta":{"footnotes":""},"class_list":["post-11","page","type-page","status-publish","has-post-thumbnail","hentry"],"_links":{"self":[{"href":"https:\/\/oivalla.savonia.fi\/savovakuutus\/wp-json\/wp\/v2\/pages\/11","targetHints":{"allow":["GET"]}}],"collection":[{"href":"https:\/\/oivalla.savonia.fi\/savovakuutus\/wp-json\/wp\/v2\/pages"}],"about":[{"href":"https:\/\/oivalla.savonia.fi\/savovakuutus\/wp-json\/wp\/v2\/types\/page"}],"author":[{"embeddable":true,"href":"https:\/\/oivalla.savonia.fi\/savovakuutus\/wp-json\/wp\/v2\/users\/3"}],"replies":[{"embeddable":true,"href":"https:\/\/oivalla.savonia.fi\/savovakuutus\/wp-json\/wp\/v2\/comments?post=11"}],"version-history":[{"count":3,"href":"https:\/\/oivalla.savonia.fi\/savovakuutus\/wp-json\/wp\/v2\/pages\/11\/revisions"}],"predecessor-version":[{"id":53,"href":"https:\/\/oivalla.savonia.fi\/savovakuutus\/wp-json\/wp\/v2\/pages\/11\/revisions\/53"}],"wp:featuredmedia":[{"embeddable":true,"href":"https:\/\/oivalla.savonia.fi\/savovakuutus\/wp-json\/wp\/v2\/media\/5"}],"wp:attachment":[{"href":"https:\/\/oivalla.savonia.fi\/savovakuutus\/wp-json\/wp\/v2\/media?parent=11"}],"curies":[{"name":"wp","href":"https:\/\/api.w.org\/{rel}","templated":true}]}}